{"id":2,"date":"2010-08-23T15:30:25","date_gmt":"2010-08-23T15:30:25","guid":{"rendered":"http:\/\/www.rk-dubrava.hr\/web\/?page_id=2"},"modified":"2010-08-23T20:53:04","modified_gmt":"2010-08-23T18:53:04","slug":"o","status":"publish","type":"page","link":"http:\/\/www.rk-dubrava.hr\/web\/?page_id=2","title":{"rendered":"Povijest kluba"},"content":{"rendered":"<p><a href=\"http:\/\/www.rk-dubrava.hr\/web\/wp-content\/uploads\/2010\/08\/19531.jpg\"><img decoding=\"async\" loading=\"lazy\" class=\"alignleft size-full wp-image-63\" title=\"1953\" src=\"http:\/\/www.rk-dubrava.hr\/web\/wp-content\/uploads\/2010\/08\/19531.jpg\" alt=\"\" width=\"310\" height=\"236\" srcset=\"http:\/\/www.rk-dubrava.hr\/web\/wp-content\/uploads\/2010\/08\/19531.jpg 310w, http:\/\/www.rk-dubrava.hr\/web\/wp-content\/uploads\/2010\/08\/19531-300x228.jpg 300w\" sizes=\"(max-width: 310px) 100vw, 310px\" \/><\/a>Rukometni Klub &#8220;Dubrava &#8221; Zagreb osnovan je 7.velja\u010de 1953. Godine od strane gospodina Tomislava Gale, koji po prvi puta organizira rukometnu aktivnost u Dubravi.<\/p>\n<p>Klub trenira na zemljanom (le\u0161natom) igrali\u0161tu, uz nogometni teren Sportskog dru\u0161tva &#8220;Dubrava&#8221;, u Me\u0111ugorskoj ulici (biv\u0161a Ni\u0161ka ulica).<\/p>\n<p>U prvoj godini postojanja klub se natje\u010de u Zagreba\u010dkoj zoni i sura\u0111uje sa klubovima izvan Zagreba \u2013 Duga Resa, Hlebine, \u0160tivica, Ivani\u0107&#8230;<\/p>\n<p>Prvu slu\u017ebenu utakmicu odigrali su u dvorani Tehni\u010dkog muzeja u Savskoj ulici u \u017eutim dresovima te su u medijima bili nazivani &#8220;Kanarincima&#8221;.<\/p>\n<p>Prva ekipa bila je u sastavu: Vlado Ajdukovi\u0107 Klica, Mile Ajdukovi\u0107, Eduard Kefe\u010dek, Rudolf Stipi\u0107, Nikola Ajdukovi\u0107, Juraj Bla\u017eekovi\u0107, Ivan Belec, Radomir Pa\u0161i\u010d, Franjo Vuksani\u0107, Ivica \u0160erfezi, Milovan Joki\u010d, Dinko Strmo, Zlatko Mo\u0161ni\u010dka, Gojko Mari\u010di\u0107, Kre\u0161o Kristi\u0107, Nijaz Badnjevi\u0107, Zlatko Me\u017enari\u0107, \u017deljko Jelu\u0161i\u0107, Ivan Lacko, Slavko \u0160piljak, Damir Karlovi\u0107, Tihomir Benoti\u0107, Stjepan Kiterna\u0161, Vlado \u0160tengl, \u017darko Pavli\u010di\u0107,Luka Ivezi\u0107, Zvonko Novakovi\u0107, \u0110uro Mari\u010di\u0107 i drugi.<\/p>\n<p>Nekoliko godina klub nastupa sa svojim imenom u raznim natjecanjima da bi, prema politi\u010dkoj podjeli grada, klub odre\u0111eno vrijeme nastpao pod imeniom Rukometni klub &#8220;Maksimir&#8221;. Me\u0111utim, nakon ponovnog osnivanja Op\u0107ine Dubrava, klubu se vra\u0107a njegovo staro ime.<\/p>\n<p>70-tih godina 20-og stolje\u0107a klub, kao i mnogi drugi klubovi tog vremena, zapada u te\u0161ku financijsku krizu te mu prijeti ga\u0161enje. Zahvaljuju\u0107i grupi mladih entuzijasta, biv\u0161ih u\u010denika O.\u0160. Marija Juri\u0107 Zagorka (Utje\u0161inovi\u0107, Pi\u0161\u0107ak, Popovi\u0107, Jakopi\u0107, Sever, Kralj&#8230;) klub se spa\u0161ava ga\u0161enja i pokre\u0107e se Omladinski rukometni klub &#8220;Dubrava&#8221; Zagreb (ORK Dubrava Zagreb).<\/p>\n<p>Predsjednik kluba bio je gdin. Luka Rogi\u0107, trener Ivo Kuzmi\u0107, a sam klub se natjecao u Prigorsko. Posavskoj zoni te Zagreba\u010dkoj ligi.<\/p>\n<p>U sljede\u0107em razdoblju od nekoliko godina klub je, ispred Grada Zagreba, sudjelovao u nizu tada popularnih \u0161portskih smotri diljem biv\u0161e Jugoslavije:<\/p>\n<p>Pri\u0161tina 1973. godine, Nik\u0161i\u0107 1973. Godine, Ni\u0161 1974. Godine, Slavonski Brod 1975. Godine, Radgona 1975. Godine, Subotica 1977. Godine.<\/p>\n<p>Razvijaju se mnoge \u0161portske veze sa klubovima Dugo Selo, Dobova, Ljubljana, Novska, Beograd&#8230;<\/p>\n<p>Po\u010detkom 90-tih godina pro\u0161log stolje\u0107a klub se, pod vodstvom Mihaela Varge, Nikole Grahovca, Zvonka Tureka, Kre\u0161e Nem\u010di\u0107a, Darka Kozline i Dragi Utje\u0161inovi\u0107a, trenerima Zoranom Hudinom, Nenadom Kranj\u010decom, Nikolom \u0160andrkom i Mladenom Tu\u0161ekom, natje\u010de u \u017dupanijskoj ligi\u00a0\u00a0&#8211; II i Hrvatskoj ligi sredi\u0161te gdje osvajaju naslov prvaka i sele u vi\u0161i rang natjecanja \u2013 Prvu B ligu.<\/p>\n<p>1997. godine, na inicijativu Dragi Utje\u0161inovi\u0107a, Ante Glavini\u0107a i Darka Kozline i ostalih \u010dlanova uprave, za predsjednika Kluba postavljen je gdin. Marijan Maras dipl.ing., zastupnik u Gradskoj Skup\u0161tini grada Zagreba, istaknuti \u0161portski djelatnik i ko\u0161arka\u0161ki trener.<\/p>\n<p>Po prvi puta u svojoj povijesti Klub formira Upravni odbor od istanutih gospodarstvenika i \u0161portskih djelatnika,\u00a0\u00a0kao i sva ostala tijela kojima se osigurava nesmetan rad kluba i postavljaju temelje za otvaranje novog poglavlja u povijesti Kluba.<\/p>\n<p>Pod stru\u010dnim vodstvom trenera Zorana Mlinari\u0107a i Deana Vu\u010di\u0107a klub napreduje od 1. B Hrvatske lige preko jedinstvene 1. B lige, da bise 2001. Godine, pod vodstvom trenera Viktora Zovka, D\u017eemala Sadikovi\u0107a i \u017deljka \u010ci\u010dka, klub plasirao u najvi\u0161i rang natjecanja 1. Hrvatsku rukometnu ligu (danas Premier ligu).<\/p>\n<p>Klub se iste godine &#8220;useljava&#8221; u novoizgra\u0111enu \u0161portsku dvoranu u Dubravi gdje i danas igra i trenira, dobija klupske prostorije, pro\u0161iruje se mre\u017ea \u0161kola ruketa i pove\u0107ava se kvaliteta rada sa mla\u0111im dobnim skupinama.<\/p>\n<p>Rukometni klub &#8220;Dubrava&#8221; Zagreb je stalni \u010dlan najkvalitetnijeg ranga natjecanja od sezone 2000.\/2001., a najve\u0107im uspjesima se smatra zauzeto 6. mjesto na kraju sezone 2007.\/2008. kao tako\u0111er i plasman na zavr\u0161nicu rukometnog Kupa Hrvatske u sezoni 2006.\/2007.<\/p>\n<p>Strategija Kluba ide u smjeru stvaranja igra\u010da iz svoje Omladinske \u0161kole koja u svome sastavu ima zastupljene sve dobne skupine iz osnovnih i srednjih \u0161kola sa \u0161ireg podru\u010dja Dubrave koji se natje\u010du u 11. Razli\u010ditih natjecanja i koji su do sada ostvarili zavidne \u0161portske rezultate.<\/p>\n<p>Cilj kluba je i nadalje ostati u elitnom razredu te, po mogu\u0107nosti, napravit iskorak u europska natjecanja.<\/p>\n","protected":false},"excerpt":{"rendered":"<p>Rukometni Klub &#8220;Dubrava &#8221; Zagreb osnovan je 7.velja\u010de 1953. Godine od strane gospodina Tomislava Gale, koji po prvi puta organizira rukometnu aktivnost u Dubravi. Klub trenira na zemljanom (le\u0161natom) igrali\u0161tu, [&hellip;]<\/p>\n","protected":false},"author":1,"featured_media":0,"parent":0,"menu_order":0,"comment_status":"closed","ping_status":"closed","template":"","meta":{"footnotes":""},"_links":{"self":[{"href":"http:\/\/www.rk-dubrava.hr\/web\/index.php?rest_route=\/wp\/v2\/pages\/2"}],"collection":[{"href":"http:\/\/www.rk-dubrava.hr\/web\/index.php?rest_route=\/wp\/v2\/pages"}],"about":[{"href":"http:\/\/www.rk-dubrava.hr\/web\/index.php?rest_route=\/wp\/v2\/types\/page"}],"author":[{"embeddable":true,"href":"http:\/\/www.rk-dubrava.hr\/web\/index.php?rest_route=\/wp\/v2\/users\/1"}],"replies":[{"embeddable":true,"href":"http:\/\/www.rk-dubrava.hr\/web\/index.php?rest_route=%2Fwp%2Fv2%2Fcomments&post=2"}],"version-history":[{"count":6,"href":"http:\/\/www.rk-dubrava.hr\/web\/index.php?rest_route=\/wp\/v2\/pages\/2\/revisions"}],"predecessor-version":[{"id":61,"href":"http:\/\/www.rk-dubrava.hr\/web\/index.php?rest_route=\/wp\/v2\/pages\/2\/revisions\/61"}],"wp:attachment":[{"href":"http:\/\/www.rk-dubrava.hr\/web\/index.php?rest_route=%2Fwp%2Fv2%2Fmedia&parent=2"}],"curies":[{"name":"wp","href":"https:\/\/api.w.org\/{rel}","templated":true}]}}