{"id":9380,"date":"2023-07-07T21:14:32","date_gmt":"2023-07-07T19:14:32","guid":{"rendered":"http:\/\/www.rk-dubrava.hr\/web\/?page_id=9380"},"modified":"2023-07-07T21:23:30","modified_gmt":"2023-07-07T19:23:30","slug":"vepar-cup","status":"publish","type":"page","link":"http:\/\/www.rk-dubrava.hr\/web\/?page_id=9380","title":{"rendered":"VEPAR CUP"},"content":{"rendered":"\n<figure class=\"wp-block-image size-large is-resized\"><img decoding=\"async\" loading=\"lazy\" src=\"http:\/\/www.rk-dubrava.hr\/web\/wp-content\/uploads\/2023\/07\/Black-Bear-Angry-Apparel-Illustrated-Skull-T-shirt-1-797x1024.jpeg\" alt=\"\" class=\"wp-image-9389\" width=\"464\" height=\"596\" srcset=\"http:\/\/www.rk-dubrava.hr\/web\/wp-content\/uploads\/2023\/07\/Black-Bear-Angry-Apparel-Illustrated-Skull-T-shirt-1-797x1024.jpeg 797w, http:\/\/www.rk-dubrava.hr\/web\/wp-content\/uploads\/2023\/07\/Black-Bear-Angry-Apparel-Illustrated-Skull-T-shirt-1-233x300.jpeg 233w, http:\/\/www.rk-dubrava.hr\/web\/wp-content\/uploads\/2023\/07\/Black-Bear-Angry-Apparel-Illustrated-Skull-T-shirt-1-768x987.jpeg 768w, http:\/\/www.rk-dubrava.hr\/web\/wp-content\/uploads\/2023\/07\/Black-Bear-Angry-Apparel-Illustrated-Skull-T-shirt-1-500x643.jpeg 500w, http:\/\/www.rk-dubrava.hr\/web\/wp-content\/uploads\/2023\/07\/Black-Bear-Angry-Apparel-Illustrated-Skull-T-shirt-1-1195x1536.jpeg 1195w, http:\/\/www.rk-dubrava.hr\/web\/wp-content\/uploads\/2023\/07\/Black-Bear-Angry-Apparel-Illustrated-Skull-T-shirt-1-750x964.jpeg 750w, http:\/\/www.rk-dubrava.hr\/web\/wp-content\/uploads\/2023\/07\/Black-Bear-Angry-Apparel-Illustrated-Skull-T-shirt-1-400x514.jpeg 400w, http:\/\/www.rk-dubrava.hr\/web\/wp-content\/uploads\/2023\/07\/Black-Bear-Angry-Apparel-Illustrated-Skull-T-shirt-1.jpeg 1556w\" sizes=\"(max-width: 464px) 100vw, 464px\" \/><\/figure>\n\n\n\n<p>Na\u0161 klub od 2010. godine organizira me\u0111unarodni rukometni turnir za mla\u0111e kategorije. Za vi\u0161e informacija o ovogodi\u0161njem izadnju turnira, u glavnom meniju odaberite &#8220;Vepar Cup 2023.&#8221;<\/p>\n","protected":false},"excerpt":{"rendered":"<p>Na\u0161 klub od 2010. godine organizira me\u0111unarodni rukometni turnir za mla\u0111e kategorije. Za vi\u0161e informacija o ovogodi\u0161njem izadnju turnira, u glavnom meniju odaberite &#8220;Vepar Cup 2023.&#8221;<\/p>\n","protected":false},"author":1,"featured_media":0,"parent":0,"menu_order":0,"comment_status":"closed","ping_status":"closed","template":"","meta":{"footnotes":""},"_links":{"self":[{"href":"http:\/\/www.rk-dubrava.hr\/web\/index.php?rest_route=\/wp\/v2\/pages\/9380"}],"collection":[{"href":"http:\/\/www.rk-dubrava.hr\/web\/index.php?rest_route=\/wp\/v2\/pages"}],"about":[{"href":"http:\/\/www.rk-dubrava.hr\/web\/index.php?rest_route=\/wp\/v2\/types\/page"}],"author":[{"embeddable":true,"href":"http:\/\/www.rk-dubrava.hr\/web\/index.php?rest_route=\/wp\/v2\/users\/1"}],"replies":[{"embeddable":true,"href":"http:\/\/www.rk-dubrava.hr\/web\/index.php?rest_route=%2Fwp%2Fv2%2Fcomments&post=9380"}],"version-history":[{"count":3,"href":"http:\/\/www.rk-dubrava.hr\/web\/index.php?rest_route=\/wp\/v2\/pages\/9380\/revisions"}],"predecessor-version":[{"id":9391,"href":"http:\/\/www.rk-dubrava.hr\/web\/index.php?rest_route=\/wp\/v2\/pages\/9380\/revisions\/9391"}],"wp:attachment":[{"href":"http:\/\/www.rk-dubrava.hr\/web\/index.php?rest_route=%2Fwp%2Fv2%2Fmedia&parent=9380"}],"curies":[{"name":"wp","href":"https:\/\/api.w.org\/{rel}","templated":true}]}}