{"id":9673,"date":"2024-09-10T13:46:03","date_gmt":"2024-09-10T11:46:03","guid":{"rendered":"https:\/\/www.rk-dubrava.hr\/web\/?page_id=9673"},"modified":"2026-03-03T14:45:09","modified_gmt":"2026-03-03T13:45:09","slug":"raspored-treninga-24-25","status":"publish","type":"page","link":"http:\/\/www.rk-dubrava.hr\/web\/?page_id=9673","title":{"rendered":"RASPORED TRENINGA 25\/26"},"content":{"rendered":"\n<p>U nastavku mo\u017eete prona\u0107i aktualan raspored treninga za sve na\u0161e selekcije:<\/p>\n\n\n\n<p><\/p>\n\n\n\n<p class=\"has-large-font-size\">U17<\/p>\n\n\n\n<p>Ponedjeljak 21:30-23:00 SD Dubrava<\/p>\n\n\n\n<p>Utorak 21:45-23:00 O\u0160 Jelkovec<\/p>\n\n\n\n<p>Srijeda 21:30-23:00 SD Dubrava<\/p>\n\n\n\n<p>\u010cetvrtak po dogovoru<\/p>\n\n\n\n<p>Petak 21:30-23:00 SD Dubrava<\/p>\n\n\n\n<p><\/p>\n\n\n\n<p class=\"has-large-font-size\">U15<\/p>\n\n\n\n<p>Ponedjeljak 21:45-23:00 O\u0160 Jelkovec<\/p>\n\n\n\n<p>Utorak 20:45-22:00 O\u0160 M.J. Zagorka<\/p>\n\n\n\n<p>Srijeda 19:00-20:20 O\u0160 Grane\u0161ina<\/p>\n\n\n\n<p>\u010cetvrtak 21:45-23:00 O\u0160 Jelkovec<\/p>\n\n\n\n<p>Petak 21:00-22:00 SD Dubrava<\/p>\n\n\n\n<p><\/p>\n\n\n\n<p class=\"has-large-font-size\">U13<\/p>\n\n\n\n<p>Ponedjeljak 21:30-22:30 SD Dubrava<\/p>\n\n\n\n<p>Utorak 20:30-21:45 O\u0160 Jelkovec<\/p>\n\n\n\n<p>\u010cetvrtak 20:45-22:00 O\u0160 M.J. Zagorka<\/p>\n\n\n\n<p>Petak 21:00-22:00 SD Dubrava<\/p>\n\n\n\n<p><\/p>\n\n\n\n<p class=\"has-large-font-size\">U11<\/p>\n\n\n\n<p>Ponedjeljak 18:20-19:20 O\u0160 Grane\u0161ina<\/p>\n\n\n\n<p>Utorak 18:45-20:00 XII. gimnazija<\/p>\n\n\n\n<p>Srijeda 18:20-19:20 O\u0160 Grane\u0161ina<\/p>\n\n\n\n<p>\u010cetvrtak 18:45-20:00 XII. gimnazija<\/p>\n\n\n\n<p class=\"has-large-font-size\">U9<\/p>\n\n\n\n<p>Utorak 18:00-19:00 U\u010deni\u010dki dom Tin Ujevi\u0107<\/p>\n\n\n\n<p>Srijeda 19:00-20:00 XII. gimnazija<\/p>\n\n\n\n<p>\u010cetvrtak 18:00-19:00 U\u010deni\u010dki dom Tin Ujevi\u0107<\/p>\n\n\n\n<p>Petak 19:00-20:00 U\u010deni\u010dki dom Tin Ujevi\u0107<\/p>\n\n\n\n<p><\/p>\n\n\n\n<p><\/p>\n\n\n\n<p><\/p>\n\n\n\n<p class=\"has-large-font-size\"><\/p>\n","protected":false},"excerpt":{"rendered":"<p>U nastavku mo\u017eete prona\u0107i aktualan raspored treninga za sve na\u0161e selekcije: U17 Ponedjeljak 21:30-23:00 SD Dubrava Utorak 21:45-23:00 O\u0160 Jelkovec Srijeda 21:30-23:00 SD Dubrava \u010cetvrtak po dogovoru Petak 21:30-23:00 SD [&hellip;]<\/p>\n","protected":false},"author":1,"featured_media":0,"parent":0,"menu_order":0,"comment_status":"closed","ping_status":"closed","template":"","meta":{"footnotes":""},"_links":{"self":[{"href":"http:\/\/www.rk-dubrava.hr\/web\/index.php?rest_route=\/wp\/v2\/pages\/9673"}],"collection":[{"href":"http:\/\/www.rk-dubrava.hr\/web\/index.php?rest_route=\/wp\/v2\/pages"}],"about":[{"href":"http:\/\/www.rk-dubrava.hr\/web\/index.php?rest_route=\/wp\/v2\/types\/page"}],"author":[{"embeddable":true,"href":"http:\/\/www.rk-dubrava.hr\/web\/index.php?rest_route=\/wp\/v2\/users\/1"}],"replies":[{"embeddable":true,"href":"http:\/\/www.rk-dubrava.hr\/web\/index.php?rest_route=%2Fwp%2Fv2%2Fcomments&post=9673"}],"version-history":[{"count":4,"href":"http:\/\/www.rk-dubrava.hr\/web\/index.php?rest_route=\/wp\/v2\/pages\/9673\/revisions"}],"predecessor-version":[{"id":9791,"href":"http:\/\/www.rk-dubrava.hr\/web\/index.php?rest_route=\/wp\/v2\/pages\/9673\/revisions\/9791"}],"wp:attachment":[{"href":"http:\/\/www.rk-dubrava.hr\/web\/index.php?rest_route=%2Fwp%2Fv2%2Fmedia&parent=9673"}],"curies":[{"name":"wp","href":"https:\/\/api.w.org\/{rel}","templated":true}]}}